{"id":1273,"date":"2025-08-23T10:01:45","date_gmt":"2025-08-23T08:01:45","guid":{"rendered":"http:\/\/drage-nf.eu\/?page_id=1273"},"modified":"2025-11-03T09:21:26","modified_gmt":"2025-11-03T08:21:26","slug":"mobile-einsatztruppe","status":"publish","type":"page","link":"http:\/\/drage-nf.eu\/?page_id=1273","title":{"rendered":"Mobile Einsatztruppe"},"content":{"rendered":"<p><a href=\"http:\/\/drage-nf.eu\/wp-content\/uploads\/2025\/09\/Video-Mobile-Einsatztruppe-Senioren-Packen-Ehrenamtlich-In-Drage-Mit-An-Sat.1-Regional1.mp4\"><span style=\"font-size: 14pt;\"><strong>Video von Mobiler Einsatztruppe bei Sat1<\/strong><\/span><\/a><\/p>\n<hr \/>\n<p><span style=\"font-family: tahoma, arial, helvetica, sans-serif; font-size: 14pt;\"><strong>Treffen: \u201e Mobile Einsatztruppe Drage\u201c<\/strong><\/span><\/p>\n<p><span style=\"font-family: tahoma, arial, helvetica, sans-serif;\"><strong>Am Dienstag den 22.04.2025 fand das 1. Treffen der Mobilen Einsatztruppe Drage statt.<\/strong><\/span><\/p>\n<p><span style=\"font-family: tahoma, arial, helvetica, sans-serif;\"><strong>13 Ruhest\u00e4ndler die Lust und Zeit haben m\u00f6chten gerne f\u00fcr die Gemeinde Arbeiten \u00fcbernehmen.<\/strong><\/span><\/p>\n<p><span style=\"font-family: tahoma, arial, helvetica, sans-serif;\"><strong>Mit etwas handwerklichem Geschick soll alles ehrenamtlich durchgef\u00fchrt werden.<\/strong><\/span><\/p>\n<p><span style=\"font-family: tahoma, arial, helvetica, sans-serif;\"><strong>In gem\u00fctlicher Runde im Dorfgemeinschaftshaus konnte ein fester Termin geplant werden.<\/strong><\/span><\/p>\n<p><span style=\"font-family: tahoma, arial, helvetica, sans-serif;\"><strong>Immer der letzte Donnerstag im Monat von 09.00 Uhr bis 12.00 Uhr<\/strong><\/span><\/p>\n<p><span style=\"font-family: tahoma, arial, helvetica, sans-serif;\"><strong>wird die Einsatztruppe aktiv sein. Der erste Arbeitstag wird der 26.06.2025 sein.<\/strong><\/span><\/p>\n<p><span style=\"font-family: tahoma, arial, helvetica, sans-serif;\"><strong>Wichtig: Alles soll ohne Stress ablaufen!!!!<\/strong><\/span><\/p>\n<p><span style=\"font-family: tahoma, arial, helvetica, sans-serif;\"><strong>K\u00fcnftig werden alle Termine und alle Arbeiten eine Woche vorher im Bekanntmachungskasten ver\u00f6ffentlich.<\/strong><\/span><\/p>\n<p><span style=\"font-family: tahoma, arial, helvetica, sans-serif;\"><strong>Nach getaner Arbeit wird es noch ein gemeinsames Mittagessen geben.<br \/>\n<img loading=\"lazy\" decoding=\"async\" class=\"aligncenter wp-image-1159\" src=\"http:\/\/drage-nf.eu\/wp-content\/uploads\/2025\/04\/mobile.jpg\" alt=\"\" width=\"700\" height=\"525\" srcset=\"http:\/\/drage-nf.eu\/wp-content\/uploads\/2025\/04\/mobile.jpg 1500w, http:\/\/drage-nf.eu\/wp-content\/uploads\/2025\/04\/mobile-300x225.jpg 300w, http:\/\/drage-nf.eu\/wp-content\/uploads\/2025\/04\/mobile-1024x768.jpg 1024w, http:\/\/drage-nf.eu\/wp-content\/uploads\/2025\/04\/mobile-768x576.jpg 768w, http:\/\/drage-nf.eu\/wp-content\/uploads\/2025\/04\/mobile-200x150.jpg 200w\" sizes=\"auto, (max-width: 700px) 100vw, 700px\" \/><\/strong><\/span><\/p>\n<hr \/>\n<p><span style=\"font-family: tahoma, arial, helvetica, sans-serif; font-size: 12pt;\"><strong><u><img loading=\"lazy\" decoding=\"async\" class=\"alignnone size-medium wp-image-1429\" src=\"http:\/\/drage-nf.eu\/wp-content\/uploads\/2025\/11\/motr27-300x225.jpg\" alt=\"\" width=\"300\" height=\"225\" srcset=\"http:\/\/drage-nf.eu\/wp-content\/uploads\/2025\/11\/motr27-300x225.jpg 300w, http:\/\/drage-nf.eu\/wp-content\/uploads\/2025\/11\/motr27-1024x768.jpg 1024w, http:\/\/drage-nf.eu\/wp-content\/uploads\/2025\/11\/motr27-768x576.jpg 768w, http:\/\/drage-nf.eu\/wp-content\/uploads\/2025\/11\/motr27-1536x1152.jpg 1536w, http:\/\/drage-nf.eu\/wp-content\/uploads\/2025\/11\/motr27-200x150.jpg 200w, http:\/\/drage-nf.eu\/wp-content\/uploads\/2025\/11\/motr27.jpg 2040w\" sizes=\"auto, (max-width: 300px) 100vw, 300px\" \/> <img loading=\"lazy\" decoding=\"async\" class=\"alignnone size-medium wp-image-1428\" src=\"http:\/\/drage-nf.eu\/wp-content\/uploads\/2025\/11\/motr26-300x225.jpg\" alt=\"\" width=\"300\" height=\"225\" srcset=\"http:\/\/drage-nf.eu\/wp-content\/uploads\/2025\/11\/motr26-300x225.jpg 300w, http:\/\/drage-nf.eu\/wp-content\/uploads\/2025\/11\/motr26-1024x768.jpg 1024w, http:\/\/drage-nf.eu\/wp-content\/uploads\/2025\/11\/motr26-768x576.jpg 768w, http:\/\/drage-nf.eu\/wp-content\/uploads\/2025\/11\/motr26-1536x1152.jpg 1536w, http:\/\/drage-nf.eu\/wp-content\/uploads\/2025\/11\/motr26-200x150.jpg 200w, http:\/\/drage-nf.eu\/wp-content\/uploads\/2025\/11\/motr26.jpg 2040w\" sizes=\"auto, (max-width: 300px) 100vw, 300px\" \/> <img loading=\"lazy\" decoding=\"async\" class=\"alignnone size-medium wp-image-1427\" src=\"http:\/\/drage-nf.eu\/wp-content\/uploads\/2025\/11\/motr25-300x225.jpg\" alt=\"\" width=\"300\" height=\"225\" srcset=\"http:\/\/drage-nf.eu\/wp-content\/uploads\/2025\/11\/motr25-300x225.jpg 300w, http:\/\/drage-nf.eu\/wp-content\/uploads\/2025\/11\/motr25-1024x768.jpg 1024w, http:\/\/drage-nf.eu\/wp-content\/uploads\/2025\/11\/motr25-768x576.jpg 768w, http:\/\/drage-nf.eu\/wp-content\/uploads\/2025\/11\/motr25-1536x1152.jpg 1536w, http:\/\/drage-nf.eu\/wp-content\/uploads\/2025\/11\/motr25-200x150.jpg 200w, http:\/\/drage-nf.eu\/wp-content\/uploads\/2025\/11\/motr25.jpg 2040w\" sizes=\"auto, (max-width: 300px) 100vw, 300px\" \/> <img loading=\"lazy\" decoding=\"async\" class=\"alignnone size-medium wp-image-1426\" src=\"http:\/\/drage-nf.eu\/wp-content\/uploads\/2025\/11\/motr24-300x225.jpg\" alt=\"\" width=\"300\" height=\"225\" srcset=\"http:\/\/drage-nf.eu\/wp-content\/uploads\/2025\/11\/motr24-300x225.jpg 300w, http:\/\/drage-nf.eu\/wp-content\/uploads\/2025\/11\/motr24-1024x768.jpg 1024w, http:\/\/drage-nf.eu\/wp-content\/uploads\/2025\/11\/motr24-768x576.jpg 768w, http:\/\/drage-nf.eu\/wp-content\/uploads\/2025\/11\/motr24-1536x1152.jpg 1536w, http:\/\/drage-nf.eu\/wp-content\/uploads\/2025\/11\/motr24-200x150.jpg 200w, http:\/\/drage-nf.eu\/wp-content\/uploads\/2025\/11\/motr24.jpg 2040w\" sizes=\"auto, (max-width: 300px) 100vw, 300px\" \/> <img loading=\"lazy\" decoding=\"async\" class=\"alignnone size-medium wp-image-1425\" src=\"http:\/\/drage-nf.eu\/wp-content\/uploads\/2025\/11\/motr23-300x225.jpg\" alt=\"\" width=\"300\" height=\"225\" srcset=\"http:\/\/drage-nf.eu\/wp-content\/uploads\/2025\/11\/motr23-300x225.jpg 300w, http:\/\/drage-nf.eu\/wp-content\/uploads\/2025\/11\/motr23-1024x768.jpg 1024w, http:\/\/drage-nf.eu\/wp-content\/uploads\/2025\/11\/motr23-768x576.jpg 768w, http:\/\/drage-nf.eu\/wp-content\/uploads\/2025\/11\/motr23-1536x1152.jpg 1536w, http:\/\/drage-nf.eu\/wp-content\/uploads\/2025\/11\/motr23-200x150.jpg 200w, http:\/\/drage-nf.eu\/wp-content\/uploads\/2025\/11\/motr23.jpg 2040w\" sizes=\"auto, (max-width: 300px) 100vw, 300px\" \/> <img loading=\"lazy\" decoding=\"async\" class=\"alignnone size-medium wp-image-1424\" src=\"http:\/\/drage-nf.eu\/wp-content\/uploads\/2025\/11\/motr22-300x225.jpg\" alt=\"\" width=\"300\" height=\"225\" srcset=\"http:\/\/drage-nf.eu\/wp-content\/uploads\/2025\/11\/motr22-300x225.jpg 300w, http:\/\/drage-nf.eu\/wp-content\/uploads\/2025\/11\/motr22-1024x768.jpg 1024w, http:\/\/drage-nf.eu\/wp-content\/uploads\/2025\/11\/motr22-768x576.jpg 768w, http:\/\/drage-nf.eu\/wp-content\/uploads\/2025\/11\/motr22-1536x1152.jpg 1536w, http:\/\/drage-nf.eu\/wp-content\/uploads\/2025\/11\/motr22-200x150.jpg 200w, http:\/\/drage-nf.eu\/wp-content\/uploads\/2025\/11\/motr22.jpg 2040w\" sizes=\"auto, (max-width: 300px) 100vw, 300px\" \/> <img loading=\"lazy\" decoding=\"async\" class=\"alignnone size-medium wp-image-1423\" src=\"http:\/\/drage-nf.eu\/wp-content\/uploads\/2025\/11\/motr21-300x300.jpg\" alt=\"\" width=\"300\" height=\"300\" srcset=\"http:\/\/drage-nf.eu\/wp-content\/uploads\/2025\/11\/motr21-300x300.jpg 300w, http:\/\/drage-nf.eu\/wp-content\/uploads\/2025\/11\/motr21-1024x1024.jpg 1024w, http:\/\/drage-nf.eu\/wp-content\/uploads\/2025\/11\/motr21-150x150.jpg 150w, http:\/\/drage-nf.eu\/wp-content\/uploads\/2025\/11\/motr21-768x768.jpg 768w, http:\/\/drage-nf.eu\/wp-content\/uploads\/2025\/11\/motr21-200x200.jpg 200w, http:\/\/drage-nf.eu\/wp-content\/uploads\/2025\/11\/motr21.jpg 1496w\" sizes=\"auto, (max-width: 300px) 100vw, 300px\" \/><br \/>\n<\/u><\/strong><\/span><\/p>\n<hr \/>\n<p><span style=\"font-family: tahoma, arial, helvetica, sans-serif; font-size: 12pt;\"><strong><u>\u201eMobile Einsatzgruppe Drage\u201c<\/u><\/strong><\/span><\/p>\n<p><span style=\"font-size: 10pt;\"><strong><span style=\"font-family: tahoma, arial, helvetica, sans-serif;\">Nun war es endlich soweit: die Mobile Einsatzgruppe hatte am Donnerstag den 26.06.2025 Ihren ersten Einsatz.<\/span><\/strong><\/span><\/p>\n<p><span style=\"font-size: 10pt;\"><strong><span style=\"font-family: tahoma, arial, helvetica, sans-serif;\">17 Ehrenamtliche Helfer trafen sich p\u00fcnktlich um 09.00 Uhr am Drager Dorfgemeinschaftshaus. Mit Trecker, Anh\u00e4nger voller Blumen, Harke und Schaufel konnte gestartet werden. Die Aufteilung in 4 Gruppen war durch die B\u00fcrgermeisterin schnell erledigt. Eine Gruppe stellte die Netzschaukel auf dem Spielplatz auf und eine andere Gruppe reinigte die Blumenbeete.<\/span><\/strong><\/span><\/p>\n<p><span style=\"font-size: 10pt;\"><strong><span style=\"font-family: tahoma, arial, helvetica, sans-serif;\">An der Bushaltestelle bekam der Fahrradparkplatz einen festen Untergrund.<\/span><\/strong><\/span><\/p>\n<p><span style=\"font-size: 10pt;\"><strong><span style=\"font-family: tahoma, arial, helvetica, sans-serif;\">Mit Pinsel und Impr\u00e4gnier Glasur konnte nun auch die Bushaltestelle versch\u00f6nert werden.<br \/>\nAuch der Innenbereich <\/span><\/strong><strong style=\"word-spacing: normal; font-size: 13.3333px;\"><span style=\"font-family: tahoma, arial, helvetica, sans-serif;\">der Bus H\u00fctte blieb nicht verschont.<\/span><\/strong><strong><span style=\"font-family: tahoma, arial, helvetica, sans-serif;\"><br \/>\n<\/span><\/strong><\/span><\/p>\n<p><span style=\"font-size: 10pt;\"><strong><span style=\"font-family: tahoma, arial, helvetica, sans-serif;\">Dieser Halteplatz ist der Mittelpunkt in unserer Gemeinde und auch das Bepflanzen von Blumen durfte dort nicht fehlen. Diese Gruppe hatte auch die Aufgabe alle Blumenk\u00e4sten in der Gemeinde zu versch\u00f6nern. <\/span><\/strong><\/span><\/p>\n<p><span style=\"font-size: 10pt;\"><strong><span style=\"font-family: tahoma, arial, helvetica, sans-serif;\">Die Arbeitszeit war p\u00fcnktlich um 12.00 Uhr beendet und das Mittagessen im Dorfgemeinschaftshaus stand bereit.<\/span><\/strong><\/span><\/p>\n<p><span style=\"font-size: 10pt;\"><strong><span style=\"font-family: tahoma, arial, helvetica, sans-serif;\">Alle waren sich einig: Man hat viel geschafft und die Stimmung war gut.<\/span><\/strong><\/span><\/p>\n<p><span style=\"font-size: 10pt;\"><strong><span style=\"font-family: tahoma, arial, helvetica, sans-serif;\">N\u00e4chstes Treffen findet am Donnerstag den 31.Juli 2025 wieder p\u00fcnktlich um 09.00 Uhr am Drager Dorfgemeinschaftshaus statt.<\/span><\/strong><\/span><\/p>\n<p><span style=\"font-family: tahoma, arial, helvetica, sans-serif; font-size: 12pt;\"><span style=\"font-size: 10pt;\"><strong>Wir freuen uns!!!<\/strong><\/span><br \/>\n<img loading=\"lazy\" decoding=\"async\" class=\"aligncenter wp-image-1221\" src=\"http:\/\/drage-nf.eu\/wp-content\/uploads\/2025\/06\/1arbeit26.6.jpg\" alt=\"\" width=\"700\" height=\"397\" srcset=\"http:\/\/drage-nf.eu\/wp-content\/uploads\/2025\/06\/1arbeit26.6.jpg 1387w, http:\/\/drage-nf.eu\/wp-content\/uploads\/2025\/06\/1arbeit26.6-300x170.jpg 300w, http:\/\/drage-nf.eu\/wp-content\/uploads\/2025\/06\/1arbeit26.6-1024x581.jpg 1024w, http:\/\/drage-nf.eu\/wp-content\/uploads\/2025\/06\/1arbeit26.6-768x436.jpg 768w, http:\/\/drage-nf.eu\/wp-content\/uploads\/2025\/06\/1arbeit26.6-200x113.jpg 200w\" sizes=\"auto, (max-width: 700px) 100vw, 700px\" \/><img loading=\"lazy\" decoding=\"async\" class=\"aligncenter wp-image-1222\" src=\"http:\/\/drage-nf.eu\/wp-content\/uploads\/2025\/06\/2arbeit26.6.jpg\" alt=\"\" width=\"700\" height=\"408\" srcset=\"http:\/\/drage-nf.eu\/wp-content\/uploads\/2025\/06\/2arbeit26.6.jpg 1386w, http:\/\/drage-nf.eu\/wp-content\/uploads\/2025\/06\/2arbeit26.6-300x175.jpg 300w, http:\/\/drage-nf.eu\/wp-content\/uploads\/2025\/06\/2arbeit26.6-1024x596.jpg 1024w, http:\/\/drage-nf.eu\/wp-content\/uploads\/2025\/06\/2arbeit26.6-768x447.jpg 768w, http:\/\/drage-nf.eu\/wp-content\/uploads\/2025\/06\/2arbeit26.6-200x116.jpg 200w\" sizes=\"auto, (max-width: 700px) 100vw, 700px\" \/><\/span><\/p>\n<hr \/>\n<div class='polaroid-gallery galleryid-1273' style='width:680px;'>\n\t\t\t<a href=\"http:\/\/drage-nf.eu\/wp-content\/uploads\/2025\/08\/motr8-1024x683.jpg\" title=\"motr8\" rel=\"polaroid_1305497902\" class=\"polaroid-gallery-item showcaption\"><span class=\"polaroid-gallery-image\" title=\"\" style=\"background-image: url(http:\/\/drage-nf.eu\/wp-content\/uploads\/2025\/08\/motr8-150x150.jpg); width: 150px; height: 150px;\"><\/span><\/a>\n\t\t\t<a href=\"http:\/\/drage-nf.eu\/wp-content\/uploads\/2025\/08\/mtor14-scaled-e1756024167750-1024x688.jpg\" title=\"mtor14\" rel=\"polaroid_1305497902\" class=\"polaroid-gallery-item showcaption\"><span class=\"polaroid-gallery-image\" title=\"\" style=\"background-image: url(http:\/\/drage-nf.eu\/wp-content\/uploads\/2025\/08\/mtor14-scaled-e1756024167750-150x150.jpg); width: 150px; height: 150px;\"><\/span><\/a>\n\t\t\t<a href=\"http:\/\/drage-nf.eu\/wp-content\/uploads\/2025\/08\/motr5-768x1024.jpg\" title=\"motr5\" rel=\"polaroid_1305497902\" class=\"polaroid-gallery-item showcaption\"><span class=\"polaroid-gallery-image\" title=\"\" style=\"background-image: url(http:\/\/drage-nf.eu\/wp-content\/uploads\/2025\/08\/motr5-150x150.jpg); width: 150px; height: 150px;\"><\/span><\/a>\n\t\t\t<a href=\"http:\/\/drage-nf.eu\/wp-content\/uploads\/2025\/09\/motr17-768x1024.jpg\" title=\"motr17\" rel=\"polaroid_1305497902\" class=\"polaroid-gallery-item showcaption\"><span class=\"polaroid-gallery-image\" title=\"\" style=\"background-image: url(http:\/\/drage-nf.eu\/wp-content\/uploads\/2025\/09\/motr17-150x150.jpg); width: 150px; height: 150px;\"><\/span><\/a>\n\t\t\t<br style=\"clear: both;\" \/>\n\t\t\t<a href=\"http:\/\/drage-nf.eu\/wp-content\/uploads\/2025\/08\/motr3-768x1024.jpg\" title=\"motr3\" rel=\"polaroid_1305497902\" class=\"polaroid-gallery-item showcaption\"><span class=\"polaroid-gallery-image\" title=\"\" style=\"background-image: url(http:\/\/drage-nf.eu\/wp-content\/uploads\/2025\/08\/motr3-150x150.jpg); width: 150px; height: 150px;\"><\/span><\/a>\n\t\t\t<a href=\"http:\/\/drage-nf.eu\/wp-content\/uploads\/2025\/08\/motr2-768x1024.jpg\" title=\"motr2\" rel=\"polaroid_1305497902\" class=\"polaroid-gallery-item showcaption\"><span class=\"polaroid-gallery-image\" title=\"\" style=\"background-image: url(http:\/\/drage-nf.eu\/wp-content\/uploads\/2025\/08\/motr2-150x150.jpg); width: 150px; height: 150px;\"><\/span><\/a>\n\t\t\t<a href=\"http:\/\/drage-nf.eu\/wp-content\/uploads\/2025\/08\/motr7-1024x683.jpg\" title=\"motr7\" rel=\"polaroid_1305497902\" class=\"polaroid-gallery-item showcaption\"><span class=\"polaroid-gallery-image\" title=\"\" style=\"background-image: url(http:\/\/drage-nf.eu\/wp-content\/uploads\/2025\/08\/motr7-150x150.jpg); width: 150px; height: 150px;\"><\/span><\/a>\n\t\t\t<a href=\"http:\/\/drage-nf.eu\/wp-content\/uploads\/2025\/09\/motr18-1024x768.jpg\" title=\"motr18\" rel=\"polaroid_1305497902\" class=\"polaroid-gallery-item showcaption\"><span class=\"polaroid-gallery-image\" title=\"\" style=\"background-image: url(http:\/\/drage-nf.eu\/wp-content\/uploads\/2025\/09\/motr18-150x150.jpg); width: 150px; height: 150px;\"><\/span><\/a>\n\t\t\t<br style=\"clear: both;\" \/>\n\t\t\t<a href=\"http:\/\/drage-nf.eu\/wp-content\/uploads\/2025\/09\/motr19-768x1024.jpg\" title=\"motr19\" rel=\"polaroid_1305497902\" class=\"polaroid-gallery-item showcaption\"><span class=\"polaroid-gallery-image\" title=\"\" style=\"background-image: url(http:\/\/drage-nf.eu\/wp-content\/uploads\/2025\/09\/motr19-150x150.jpg); width: 150px; height: 150px;\"><\/span><\/a>\n\t\t\t<a href=\"http:\/\/drage-nf.eu\/wp-content\/uploads\/2025\/08\/motr12-1024x683.jpg\" title=\"motr12\" rel=\"polaroid_1305497902\" class=\"polaroid-gallery-item showcaption\"><span class=\"polaroid-gallery-image\" title=\"\" style=\"background-image: url(http:\/\/drage-nf.eu\/wp-content\/uploads\/2025\/08\/motr12-150x150.jpg); width: 150px; height: 150px;\"><\/span><\/a>\n\t\t\t<a href=\"http:\/\/drage-nf.eu\/wp-content\/uploads\/2025\/08\/motr11-1024x683.jpg\" title=\"motr11\" rel=\"polaroid_1305497902\" class=\"polaroid-gallery-item showcaption\"><span class=\"polaroid-gallery-image\" title=\"\" style=\"background-image: url(http:\/\/drage-nf.eu\/wp-content\/uploads\/2025\/08\/motr11-150x150.jpg); width: 150px; height: 150px;\"><\/span><\/a>\n\t\t\t<a href=\"http:\/\/drage-nf.eu\/wp-content\/uploads\/2025\/09\/motr15-1024x768.jpg\" title=\"motr15\" rel=\"polaroid_1305497902\" class=\"polaroid-gallery-item showcaption\"><span class=\"polaroid-gallery-image\" title=\"\" style=\"background-image: url(http:\/\/drage-nf.eu\/wp-content\/uploads\/2025\/09\/motr15-150x150.jpg); width: 150px; height: 150px;\"><\/span><\/a>\n\t\t\t<br style=\"clear: both;\" \/>\n\t\t\t<a href=\"http:\/\/drage-nf.eu\/wp-content\/uploads\/2025\/08\/motr1-1024x768.jpg\" title=\"motr1\" rel=\"polaroid_1305497902\" class=\"polaroid-gallery-item showcaption\"><span class=\"polaroid-gallery-image\" title=\"\" style=\"background-image: url(http:\/\/drage-nf.eu\/wp-content\/uploads\/2025\/08\/motr1-150x150.jpg); width: 150px; height: 150px;\"><\/span><\/a>\n\t\t\t<a href=\"http:\/\/drage-nf.eu\/wp-content\/uploads\/2025\/09\/motr16-768x1024.jpg\" title=\"motr16\" rel=\"polaroid_1305497902\" class=\"polaroid-gallery-item showcaption\"><span class=\"polaroid-gallery-image\" title=\"\" style=\"background-image: url(http:\/\/drage-nf.eu\/wp-content\/uploads\/2025\/09\/motr16-150x150.jpg); width: 150px; height: 150px;\"><\/span><\/a>\n\t\t\t<a href=\"http:\/\/drage-nf.eu\/wp-content\/uploads\/2025\/08\/motr10-1024x683.jpg\" title=\"motr10\" rel=\"polaroid_1305497902\" class=\"polaroid-gallery-item showcaption\"><span class=\"polaroid-gallery-image\" title=\"\" style=\"background-image: url(http:\/\/drage-nf.eu\/wp-content\/uploads\/2025\/08\/motr10-150x150.jpg); width: 150px; height: 150px;\"><\/span><\/a>\n\t\t\t<a href=\"http:\/\/drage-nf.eu\/wp-content\/uploads\/2025\/09\/motr20-768x1024.jpg\" title=\"motr20\" rel=\"polaroid_1305497902\" class=\"polaroid-gallery-item showcaption\"><span class=\"polaroid-gallery-image\" title=\"\" style=\"background-image: url(http:\/\/drage-nf.eu\/wp-content\/uploads\/2025\/09\/motr20-150x150.jpg); width: 150px; height: 150px;\"><\/span><\/a>\n\t\t\t<br style=\"clear: both;\" \/>\n\t\t\t<a href=\"http:\/\/drage-nf.eu\/wp-content\/uploads\/2025\/08\/motr13-1024x683.jpg\" title=\"motr13\" rel=\"polaroid_1305497902\" class=\"polaroid-gallery-item showcaption\"><span class=\"polaroid-gallery-image\" title=\"\" style=\"background-image: url(http:\/\/drage-nf.eu\/wp-content\/uploads\/2025\/08\/motr13-150x150.jpg); width: 150px; height: 150px;\"><\/span><\/a>\n\t\t\t<a href=\"http:\/\/drage-nf.eu\/wp-content\/uploads\/2025\/08\/motr9-1024x683.jpg\" title=\"motr9\" rel=\"polaroid_1305497902\" class=\"polaroid-gallery-item showcaption\"><span class=\"polaroid-gallery-image\" title=\"\" style=\"background-image: url(http:\/\/drage-nf.eu\/wp-content\/uploads\/2025\/08\/motr9-150x150.jpg); width: 150px; height: 150px;\"><\/span><\/a>\n\t\t\t<a href=\"http:\/\/drage-nf.eu\/wp-content\/uploads\/2025\/08\/motr4-1024x768.jpg\" title=\"motr4\" rel=\"polaroid_1305497902\" class=\"polaroid-gallery-item showcaption\"><span class=\"polaroid-gallery-image\" title=\"\" style=\"background-image: url(http:\/\/drage-nf.eu\/wp-content\/uploads\/2025\/08\/motr4-150x150.jpg); width: 150px; height: 150px;\"><\/span><\/a>\n\t\t\t<a href=\"http:\/\/drage-nf.eu\/wp-content\/uploads\/2025\/08\/motr6-1024x768.jpg\" title=\"motr6\" rel=\"polaroid_1305497902\" class=\"polaroid-gallery-item showcaption\"><span class=\"polaroid-gallery-image\" title=\"\" style=\"background-image: url(http:\/\/drage-nf.eu\/wp-content\/uploads\/2025\/08\/motr6-150x150.jpg); width: 150px; height: 150px;\"><\/span><\/a>\n\t\t\t<br style=\"clear: both;\" \/>\n\t\t\t<a href=\"http:\/\/drage-nf.eu\/wp-content\/uploads\/2025\/09\/motr14-1024x768.jpg\" title=\"motr14\" rel=\"polaroid_1305497902\" class=\"polaroid-gallery-item showcaption\"><span class=\"polaroid-gallery-image\" title=\"\" style=\"background-image: url(http:\/\/drage-nf.eu\/wp-content\/uploads\/2025\/09\/motr14-150x150.jpg); width: 150px; height: 150px;\"><\/span><\/a>\n\t\t\t<br style=\"clear: both;\" \/><\/div>\n\n<p>&nbsp;<\/p>\n","protected":false},"excerpt":{"rendered":"<p>Video von Mobiler Einsatztruppe bei Sat1 Treffen: \u201e Mobile Einsatztruppe Drage\u201c Am Dienstag den 22.04.2025 fand das 1. Treffen der Mobilen Einsatztruppe Drage statt. 13 Ruhest\u00e4ndler die Lust und Zeit haben m\u00f6chten gerne f\u00fcr die Gemeinde Arbeiten \u00fcbernehmen. Mit etwas handwerklichem Geschick soll alles ehrenamtlich durchgef\u00fchrt werden. In gem\u00fctlicher Runde im Dorfgemeinschaftshaus konnte ein fester&#8230; <\/p>\n<div class=\"read-more\"><a href=\"http:\/\/drage-nf.eu\/?page_id=1273\">Read More<\/a><\/div>\n","protected":false},"author":1,"featured_media":0,"parent":0,"menu_order":0,"comment_status":"closed","ping_status":"closed","template":"","meta":{"footnotes":""},"class_list":["post-1273","page","type-page","status-publish","hentry"],"_links":{"self":[{"href":"http:\/\/drage-nf.eu\/index.php?rest_route=\/wp\/v2\/pages\/1273","targetHints":{"allow":["GET"]}}],"collection":[{"href":"http:\/\/drage-nf.eu\/index.php?rest_route=\/wp\/v2\/pages"}],"about":[{"href":"http:\/\/drage-nf.eu\/index.php?rest_route=\/wp\/v2\/types\/page"}],"author":[{"embeddable":true,"href":"http:\/\/drage-nf.eu\/index.php?rest_route=\/wp\/v2\/users\/1"}],"replies":[{"embeddable":true,"href":"http:\/\/drage-nf.eu\/index.php?rest_route=%2Fwp%2Fv2%2Fcomments&post=1273"}],"version-history":[{"count":24,"href":"http:\/\/drage-nf.eu\/index.php?rest_route=\/wp\/v2\/pages\/1273\/revisions"}],"predecessor-version":[{"id":1317,"href":"http:\/\/drage-nf.eu\/index.php?rest_route=\/wp\/v2\/pages\/1273\/revisions\/1317"}],"wp:attachment":[{"href":"http:\/\/drage-nf.eu\/index.php?rest_route=%2Fwp%2Fv2%2Fmedia&parent=1273"}],"curies":[{"name":"wp","href":"https:\/\/api.w.org\/{rel}","templated":true}]}}