{"id":649,"date":"2024-02-25T13:04:49","date_gmt":"2024-02-25T12:04:49","guid":{"rendered":"http:\/\/drage-nf.eu\/?page_id=649"},"modified":"2025-09-04T10:47:17","modified_gmt":"2025-09-04T08:47:17","slug":"kinder-sommervergnuegen","status":"publish","type":"page","link":"http:\/\/drage-nf.eu\/?page_id=649","title":{"rendered":"Jugend und Kultur"},"content":{"rendered":"<hr \/>\n<p style=\"text-align: center;\"><strong><u>Ostern an der Eider in Drage<\/u><\/strong><\/p>\n<p style=\"text-align: center;\">Am Ostermontag ab 10.00 Uhr platzen die Kinder vor Neugier an der Drager Badestelle,<br \/>\nweil der Osterhase kleine Geschenke versteckt hatte.<\/p>\n<p style=\"text-align: center;\">Und siehe da, der Osterhase kam pers\u00f6nlich vorbei, und hatte f\u00fcr eine spannende Suche an der Badestelle gesorgt.<\/p>\n<p style=\"text-align: center;\">Alle Kinder hatten die M\u00f6glichkeit sich bei der B\u00fcrgermeisterin oder bei dem Kulturausschussvorsitzenden bis zum Karfreitag anzumelden.<\/p>\n<p style=\"text-align: center;\">14 Kinder waren p\u00fcnktlich mit Ihren Eltern dabei.<\/p>\n<p style=\"text-align: center;\">Und \u00fcber Schokolade freuten sich auch die Erwachsenden, die im Anschluss von dem flei\u00dfigen Hoppler verteilt wurde.<\/p>\n<p style=\"text-align: center;\">Es war trotz Regen eine sch\u00f6ne Veranstaltung, und der Kulturausschuss sagt\u00a0 \u201eDanke\u201c!<strong><br \/>\n<img loading=\"lazy\" decoding=\"async\" class=\"alignnone wp-image-1154 size-full\" src=\"http:\/\/drage-nf.eu\/wp-content\/uploads\/2025\/04\/ostern_1.jpg\" alt=\"\" width=\"925\" height=\"723\" srcset=\"http:\/\/drage-nf.eu\/wp-content\/uploads\/2025\/04\/ostern_1.jpg 925w, http:\/\/drage-nf.eu\/wp-content\/uploads\/2025\/04\/ostern_1-300x234.jpg 300w, http:\/\/drage-nf.eu\/wp-content\/uploads\/2025\/04\/ostern_1-768x600.jpg 768w, http:\/\/drage-nf.eu\/wp-content\/uploads\/2025\/04\/ostern_1-200x156.jpg 200w\" sizes=\"auto, (max-width: 925px) 100vw, 925px\" \/><br \/>\n<img loading=\"lazy\" decoding=\"async\" class=\"aligncenter wp-image-1155 size-full\" src=\"http:\/\/drage-nf.eu\/wp-content\/uploads\/2025\/04\/ostern_2.jpg\" alt=\"\" width=\"733\" height=\"807\" srcset=\"http:\/\/drage-nf.eu\/wp-content\/uploads\/2025\/04\/ostern_2.jpg 733w, http:\/\/drage-nf.eu\/wp-content\/uploads\/2025\/04\/ostern_2-272x300.jpg 272w, http:\/\/drage-nf.eu\/wp-content\/uploads\/2025\/04\/ostern_2-200x220.jpg 200w\" sizes=\"auto, (max-width: 733px) 100vw, 733px\" \/><\/strong><\/p>\n<p>&nbsp;<\/p>\n<hr \/>\n<p style=\"text-align: center;\"><span style=\"font-size: 14pt;\"><strong><span style=\"font-family: tahoma, arial, helvetica, sans-serif;\"><u>Filmabend in Drage<\/u><\/span><\/strong><\/span><\/p>\n<p style=\"text-align: center;\"><span style=\"font-family: tahoma, arial, helvetica, sans-serif; font-size: 10pt;\">Am Samstag den 16.11.2024 fand im Drager Dorfgemeinschaftshaus ein Filmabend statt.<br \/>\n<\/span><span style=\"font-family: tahoma, arial, helvetica, sans-serif; font-size: 10pt;\">In diesem Jahr war es die dritte Veranstaltung und jeder hatte die M\u00f6glichkeit sich diesen Film einmal anzusehen.<br \/>\n<\/span><span style=\"font-family: tahoma, arial, helvetica, sans-serif; font-size: 10pt;\">An dem letzten Abend hatte sich der Kulturausschuss etwas Besonderes einfallen lassen.<br \/>\n<\/span><span style=\"font-family: tahoma, arial, helvetica, sans-serif; font-size: 10pt;\">F\u00fcr das leibliche Wohl war gesorgt mit: <\/span><\/p>\n<p style=\"text-align: center;\"><span style=\"font-family: tahoma, arial, helvetica, sans-serif; font-size: 10pt;\">\u201e Weinsuppe und Schinken\u201c<\/span><\/p>\n<p style=\"text-align: center;\"><span style=\"font-family: tahoma, arial, helvetica, sans-serif; font-size: 10pt;\">32 Besucher trafen p\u00fcnktlich um 18.30 Uhr ein und freuten sich auf ein paar nette Stunden.<br \/>\n<\/span><span style=\"font-family: tahoma, arial, helvetica, sans-serif; font-size: 10pt;\">Der Film von Drage zeigte \u00fcber ein Jahr verteilt viele Veranstaltungen mit Drager B\u00fcrgern.<br \/>\n<\/span><span style=\"font-family: tahoma, arial, helvetica, sans-serif; font-size: 10pt;\">Viele Vereine konnten sich in diesem Film wiederfinden, und es war deutlich zu erkennen, wie aktiv das Drager Dorfleben ist.<br \/>\n<\/span><span style=\"font-family: tahoma, arial, helvetica, sans-serif; font-size: 10pt;\">Der Kulturausschuss freute sich \u00fcber die gute Beteiligung und ist stolz darauf etwas f\u00fcr die Zukunft geplant zu haben.<br \/>\n<\/span><span style=\"font-family: tahoma, arial, helvetica, sans-serif; font-size: 10pt;\">In ein paar Jahren wird dieser Film immer interessanter werden.<\/span><\/p>\n<p style=\"text-align: center;\"><span style=\"font-family: tahoma, arial, helvetica, sans-serif; font-size: 10pt;\">Die Gemeinde sagt Danke f\u00fcr alle die an diesem Film mitgewirkt haben!<\/span><u><\/u><\/p>\n<hr \/>\n<p style=\"text-align: center;\"><strong><u>Fr\u00fchst\u00fccken an der Eider<\/u><\/strong><\/p>\n<p style=\"text-align: center;\"><strong>\u201eEtten, drinken und schnacken\u201c<\/strong><\/p>\n<p style=\"text-align: center;\"><strong>Unter diesem Motto findet immer der erste Sonntag im August das Fr\u00fchst\u00fccken an der Eider statt. 2023 musste die Veranstaltung durch das schlechte Wetter ausfallen. In diesem Jahr bei Sturm und leichtem Regen war es sehr gem\u00fctlich. 20 wetterharte Drager B\u00fcrger nahmen an dieser Freiluftveranstaltung teil. Das B\u00fcffet war reichhaltig gedeckt, jeder hatte dazu beigetragen. Die Stimmung war gut,<br \/>\nund alle waren sich einig:<\/strong><\/p>\n<p style=\"text-align: center;\"><strong>\u201eDas Wetter war zu ertragen\u201c<\/strong><\/p>\n<p style=\"text-align: center;\"><strong>Im n\u00e4chsten Jahr wird wieder der erste Sonntag im August f\u00fcr das \u201eFr\u00fchst\u00fccken an der Eider\u201c eingeplant!<br \/>\n<img loading=\"lazy\" decoding=\"async\" class=\"aligncenter wp-image-895\" src=\"http:\/\/drage-nf.eu\/wp-content\/uploads\/2024\/08\/eider_24-e1722846520114.jpg\" alt=\"\" width=\"700\" height=\"442\" srcset=\"http:\/\/drage-nf.eu\/wp-content\/uploads\/2024\/08\/eider_24-e1722846520114.jpg 1208w, http:\/\/drage-nf.eu\/wp-content\/uploads\/2024\/08\/eider_24-e1722846520114-300x189.jpg 300w, http:\/\/drage-nf.eu\/wp-content\/uploads\/2024\/08\/eider_24-e1722846520114-1024x646.jpg 1024w, http:\/\/drage-nf.eu\/wp-content\/uploads\/2024\/08\/eider_24-e1722846520114-768x484.jpg 768w, http:\/\/drage-nf.eu\/wp-content\/uploads\/2024\/08\/eider_24-e1722846520114-200x126.jpg 200w\" sizes=\"auto, (max-width: 700px) 100vw, 700px\" \/><\/strong><\/p>\n<hr \/>\n<p><strong>Ferienprogramm in Drage<\/strong><\/p>\n<p>Zum Abschluss des diesj\u00e4hrigen Ferienprogrammes trafen sich die Ferienkinder mit ihren Eltern noch einmal auf dem Dorfplatz, denn der Nachmittag stand unter dem Motto: Sport, Bewegung und Geschicklichkeit. Die Teams mussten alle Stationen durchlaufen, wobei besonderes Geschick beim Umgang mit Tennisschl\u00e4ger und-ball gefragt war. Aber auch das Schubkarren-Ringstechen sowie das Labyrinth begeisterten alle gleicherma\u00dfen.<\/p>\n<p>Fazit: Das Ferienprogramm war wieder abwechslungsreich und die Teilnehmer zeigten sich eins ums andere Mal sehr zufrieden. Der Kulturausschuss bedankt sich bei den vielen freiwilligen Helfern, ohne die solche Veranstaltungen nicht umsetzbar w\u00e4ren. Wir freuen uns schon auf das Ferienprogramm 2024!<\/p>\n<p>Text &amp; Foto<\/p>\n<p>Thomas Frie\u00df<\/p>\n<p>1.Vorsitzender Kulturausschuss Drage<br \/>\n<img loading=\"lazy\" decoding=\"async\" class=\"aligncenter wp-image-705\" src=\"http:\/\/drage-nf.eu\/wp-content\/uploads\/2024\/02\/ferien23.jpg\" alt=\"\" width=\"700\" height=\"700\" srcset=\"http:\/\/drage-nf.eu\/wp-content\/uploads\/2024\/02\/ferien23.jpg 1669w, http:\/\/drage-nf.eu\/wp-content\/uploads\/2024\/02\/ferien23-300x300.jpg 300w, http:\/\/drage-nf.eu\/wp-content\/uploads\/2024\/02\/ferien23-1024x1024.jpg 1024w, http:\/\/drage-nf.eu\/wp-content\/uploads\/2024\/02\/ferien23-150x150.jpg 150w, http:\/\/drage-nf.eu\/wp-content\/uploads\/2024\/02\/ferien23-768x768.jpg 768w, http:\/\/drage-nf.eu\/wp-content\/uploads\/2024\/02\/ferien23-1536x1536.jpg 1536w, http:\/\/drage-nf.eu\/wp-content\/uploads\/2024\/02\/ferien23-200x200.jpg 200w\" sizes=\"auto, (max-width: 700px) 100vw, 700px\" \/><\/p>\n<hr \/>\n<p><strong>Am 5. August 2023 wurde das Ferienprogramm f\u00fcr Kinder in Drage fortgesetzt.\u00a0 <\/strong><\/p>\n<p>Das urspr\u00fcnglich geplante \u201eZeltlager am Sch\u00fctzenheim\u201c musste leider auf Grund der Wetterlage kurzfristig abgesagt werden. Das neue Motto lautete \u201eSpiele und Burger\u201c.<\/p>\n<p>Nachdem es w\u00e4hrend der Vorbereitungen und des Aufbaus noch heftig geregnet hatte, h\u00f6rte der Regen p\u00fcnktlich um 16 Uhr auf, so dass die 20 Kinder und Jugendlichen nicht nur im Vereinshaus, sondern auch drau\u00dfen spielen und toben konnten.<\/p>\n<p>Im Sch\u00fctzenheim gab es Gesellschaftsspiele f\u00fcr jedes Alter und im Verlauf der Veranstaltung wurden auch fast alle Spiele einmal gespielt.<\/p>\n<p>Drau\u00dfen konnte man Wikingerschach und Wikingerkegeln, Boccia, Federball und Frisbee ausprobieren. Es gab eine Dartscheibe f\u00fcr die Gro\u00dfen und eine Dartscheibe f\u00fcr die Kleinen.<\/p>\n<p>Durch das viele Toben und Spielen hungrig geworden, freuten sich alle auf die leckeren Burger und Pommes. Es war einfach nur der Wahnsinn, was Thomas alles vorbereitet hatte. Jeder bekam seinen \u201eWunschburger\u201c. Dazu gab es Pommes, die dank des \u201eSpezialgew\u00fcrzes\u201c von Thomas besonders lecker waren.<\/p>\n<p>Frisch gest\u00e4rkt, wurden nach dem Essen noch ein paar Spiele gespielt und gegen 19 Uhr begann dann das gro\u00dfe Aufr\u00e4umen.<\/p>\n<p>Wir bedanken uns ganz herzlich f\u00fcr die Unterst\u00fctzung der anwesenden Eltern, die flei\u00dfig mitgespielt und beim Aufr\u00e4umen tatkr\u00e4ftig geholfen haben.<\/p>\n<p>Es war eine wirklich tolle Veranstaltung. Jeder hat mit jedem gespielt und der ein oder andere konnte mit Sicherheit einige neue Spielideen mit nach Hause nehmen.<\/p>\n<p>Wir freuen uns schon auf das n\u00e4chste Jahr<\/p>\n<p>Thomas, Terry und Ulrike<\/p>\n<hr \/>\n<table style=\"border-collapse: collapse; width: 100%;\">\n<tbody>\n<tr>\n<td style=\"width: 50%;\"><img loading=\"lazy\" decoding=\"async\" class=\"alignleft wp-image-651\" style=\"background-color: #ffffff;\" src=\"http:\/\/drage-nf.eu\/wp-content\/uploads\/2024\/02\/Melken2-1-225x300.jpg\" alt=\"\" width=\"300\" height=\"400\" srcset=\"http:\/\/drage-nf.eu\/wp-content\/uploads\/2024\/02\/Melken2-1-225x300.jpg 225w, http:\/\/drage-nf.eu\/wp-content\/uploads\/2024\/02\/Melken2-1-200x267.jpg 200w, http:\/\/drage-nf.eu\/wp-content\/uploads\/2024\/02\/Melken2-1.jpg 500w\" sizes=\"auto, (max-width: 300px) 100vw, 300px\" \/><\/td>\n<td style=\"width: 50%;\"><img loading=\"lazy\" decoding=\"async\" class=\"wp-image-650 alignnone\" style=\"word-spacing: normal;\" src=\"http:\/\/drage-nf.eu\/wp-content\/uploads\/2024\/02\/Melken1-1.jpg\" alt=\"\" width=\"300\" height=\"400\" srcset=\"http:\/\/drage-nf.eu\/wp-content\/uploads\/2024\/02\/Melken1-1.jpg 500w, http:\/\/drage-nf.eu\/wp-content\/uploads\/2024\/02\/Melken1-1-225x300.jpg 225w, http:\/\/drage-nf.eu\/wp-content\/uploads\/2024\/02\/Melken1-1-200x267.jpg 200w\" sizes=\"auto, (max-width: 300px) 100vw, 300px\" \/><\/td>\n<\/tr>\n<tr>\n<td style=\"width: 50%;\"><img loading=\"lazy\" decoding=\"async\" class=\"wp-image-653 size-medium alignleft\" style=\"background-color: #ffffff;\" src=\"http:\/\/drage-nf.eu\/wp-content\/uploads\/2024\/02\/02-300x135.jpg\" alt=\"\" width=\"300\" height=\"135\" srcset=\"http:\/\/drage-nf.eu\/wp-content\/uploads\/2024\/02\/02-300x135.jpg 300w, http:\/\/drage-nf.eu\/wp-content\/uploads\/2024\/02\/02-200x90.jpg 200w, http:\/\/drage-nf.eu\/wp-content\/uploads\/2024\/02\/02.jpg 691w\" sizes=\"auto, (max-width: 300px) 100vw, 300px\" \/><\/td>\n<td style=\"width: 50%;\"><img loading=\"lazy\" decoding=\"async\" class=\"wp-image-655 size-medium alignleft\" style=\"background-color: #ffffff;\" src=\"http:\/\/drage-nf.eu\/wp-content\/uploads\/2024\/02\/04-300x135.jpg\" alt=\"\" width=\"300\" height=\"135\" srcset=\"http:\/\/drage-nf.eu\/wp-content\/uploads\/2024\/02\/04-300x135.jpg 300w, http:\/\/drage-nf.eu\/wp-content\/uploads\/2024\/02\/04-200x90.jpg 200w, http:\/\/drage-nf.eu\/wp-content\/uploads\/2024\/02\/04.jpg 692w\" sizes=\"auto, (max-width: 300px) 100vw, 300px\" \/><\/td>\n<\/tr>\n<tr>\n<td style=\"width: 50%;\"><img loading=\"lazy\" decoding=\"async\" class=\"alignnone size-medium wp-image-657\" src=\"http:\/\/drage-nf.eu\/wp-content\/uploads\/2024\/02\/sv03-300x186.jpg\" alt=\"\" width=\"300\" height=\"186\" srcset=\"http:\/\/drage-nf.eu\/wp-content\/uploads\/2024\/02\/sv03-300x186.jpg 300w, http:\/\/drage-nf.eu\/wp-content\/uploads\/2024\/02\/sv03-200x124.jpg 200w, http:\/\/drage-nf.eu\/wp-content\/uploads\/2024\/02\/sv03.jpg 705w\" sizes=\"auto, (max-width: 300px) 100vw, 300px\" \/><\/td>\n<td style=\"width: 50%;\"><img loading=\"lazy\" decoding=\"async\" class=\"wp-image-652 size-medium alignnone\" style=\"background-color: #ffffff;\" src=\"http:\/\/drage-nf.eu\/wp-content\/uploads\/2024\/02\/01-300x135.jpg\" alt=\"\" width=\"300\" height=\"135\" srcset=\"http:\/\/drage-nf.eu\/wp-content\/uploads\/2024\/02\/01-300x135.jpg 300w, http:\/\/drage-nf.eu\/wp-content\/uploads\/2024\/02\/01-200x90.jpg 200w, http:\/\/drage-nf.eu\/wp-content\/uploads\/2024\/02\/01.jpg 687w\" sizes=\"auto, (max-width: 300px) 100vw, 300px\" \/><\/td>\n<\/tr>\n<\/tbody>\n<\/table>\n<hr \/>\n<p style=\"text-align: center;\"><strong><u>Ostern in Drage<\/u><\/strong><\/p>\n<p style=\"text-align: center;\">Endlich war der Fr\u00fchling da, und man konnte mit zunehmender W\u00e4rme einen Ausflug an die Eider planen.<\/p>\n<p style=\"text-align: center;\">Besonders am Ostermontag war es sehr reizvoll um 10.00 Uhr an die Drager Badestelle zufahren. An diesem Ort hatte der <strong>\u201eDrager Kulturausschuss\u201c<\/strong> Ostereier f\u00fcr Drager Kinder versteckt.<\/p>\n<p style=\"text-align: center;\">16 Kinder nahmen begeistert an dieser Veranstaltung teil.<\/p>\n<p style=\"text-align: center;\">Dieser Platz ist nicht nur etwas f\u00fcr Badefreunde, sondern auch f\u00fcr Naturliebhaber und Romantiker.<br \/>\n<img loading=\"lazy\" decoding=\"async\" class=\"aligncenter wp-image-740\" src=\"http:\/\/drage-nf.eu\/wp-content\/uploads\/2024\/02\/Ostereier-sammeln-scaled.jpg\" alt=\"\" width=\"700\" height=\"525\" srcset=\"http:\/\/drage-nf.eu\/wp-content\/uploads\/2024\/02\/Ostereier-sammeln-scaled.jpg 2560w, http:\/\/drage-nf.eu\/wp-content\/uploads\/2024\/02\/Ostereier-sammeln-300x225.jpg 300w, http:\/\/drage-nf.eu\/wp-content\/uploads\/2024\/02\/Ostereier-sammeln-1024x768.jpg 1024w, http:\/\/drage-nf.eu\/wp-content\/uploads\/2024\/02\/Ostereier-sammeln-768x576.jpg 768w, http:\/\/drage-nf.eu\/wp-content\/uploads\/2024\/02\/Ostereier-sammeln-1536x1152.jpg 1536w, http:\/\/drage-nf.eu\/wp-content\/uploads\/2024\/02\/Ostereier-sammeln-2048x1536.jpg 2048w, http:\/\/drage-nf.eu\/wp-content\/uploads\/2024\/02\/Ostereier-sammeln-200x150.jpg 200w\" sizes=\"auto, (max-width: 700px) 100vw, 700px\" \/><\/p>\n<p style=\"text-align: center;\">Am Abend gingen die Drager Veranstaltungen im Dorfgemeinschaftshaus weiter. Um 17.00 Uhr traf sich <strong>\u201eDe<\/strong> <strong>Seeth-Droger Theoderl\u00fc\u00fcd\u201c<\/strong> zur einer gem\u00fctlichen Grillrunde.<\/p>\n<p style=\"text-align: center;\">Um 19.30 Uhr wurde noch einmal das St\u00fcck:<\/p>\n<p style=\"text-align: center;\"><strong>\u201eDat Speel \u00fcm Jupiter\u201c<\/strong> aufgef\u00fchrt.<\/p>\n<p style=\"text-align: center;\">Alle Theaterspieler gaben ihr Bestes und das Rundum Packet passte!<\/p>\n<p style=\"text-align: center;\">Viele Zuschauer nahmen dieses Angebot an, und waren mit viel Applaus dabei.<\/p>\n<p style=\"text-align: center;\"><strong><em>Herrlich-sch\u00f6ne Ostern in Drage!<br \/>\n<img loading=\"lazy\" decoding=\"async\" class=\"aligncenter wp-image-732\" src=\"http:\/\/drage-nf.eu\/wp-content\/uploads\/2024\/02\/theater_1.jpg\" alt=\"\" width=\"700\" height=\"933\" srcset=\"http:\/\/drage-nf.eu\/wp-content\/uploads\/2024\/02\/theater_1.jpg 768w, http:\/\/drage-nf.eu\/wp-content\/uploads\/2024\/02\/theater_1-225x300.jpg 225w, http:\/\/drage-nf.eu\/wp-content\/uploads\/2024\/02\/theater_1-200x267.jpg 200w\" sizes=\"auto, (max-width: 700px) 100vw, 700px\" \/><\/em><\/strong><\/p>\n<hr \/>\n<p><strong>Kinder- und Jugenddisco in Drage am 29.04.2023<\/strong><\/p>\n<p>Der erste Versuch und gleich ein Riesenerfolg! So kann man die erste Kinder- und Jugenddisco in Drage bezeichnen.<\/p>\n<p>Am 29.04.2023 ab 16 Uhr ging es zun\u00e4chst los f\u00fcr die Kleinsten von 0 \u2013 5 Jahren.<\/p>\n<p>Und die drehten gleich richtig auf!<\/p>\n<p>Bis 18 Uhr durften sich die j\u00fcngsten Dorfbewohner bei beliebter Musik austoben und genossen dies in vollen Z\u00fcgen, bevor um 18 Uhr die n\u00e4chste Altersgruppe von 6 \u2013 10 Jahren an der Reihe war.<\/p>\n<p>Zwischendurch konnte sich mit Getr\u00e4nken und Laugengeb\u00e4ck gest\u00e4rkt werden, um dann sein k\u00f6nnen wieder auf der Tanzfl\u00e4che z.B. mit der Raupe zu beweisen.<\/p>\n<p>Wie dann ab 20 Uhr die Gro\u00dfen von 11-18 die einstudierten Tik Tok Tanzschritte aufs Parkett legten, gab es auch f\u00fcr die Organisatoren kein halten mehr und es wurde flei\u00dfig mitgetanzt.<\/p>\n<p>Auch wenn man sich vorher bereits mal am Bus oder im Dorf gesehen hat, so wurde hier tats\u00e4chlich ZUSAMMEN getanzt, gelacht und gespielt\u2026Ziel erreicht!!!<\/p>\n<p>F\u00fcr die Organisatoren steht fest: Das wird es wieder geben!<br \/>\n<img loading=\"lazy\" decoding=\"async\" class=\"aligncenter wp-image-718\" src=\"http:\/\/drage-nf.eu\/wp-content\/uploads\/2024\/02\/disco1-scaled.jpg\" alt=\"\" width=\"700\" height=\"933\" srcset=\"http:\/\/drage-nf.eu\/wp-content\/uploads\/2024\/02\/disco1-scaled.jpg 1920w, http:\/\/drage-nf.eu\/wp-content\/uploads\/2024\/02\/disco1-225x300.jpg 225w, http:\/\/drage-nf.eu\/wp-content\/uploads\/2024\/02\/disco1-768x1024.jpg 768w, http:\/\/drage-nf.eu\/wp-content\/uploads\/2024\/02\/disco1-1152x1536.jpg 1152w, http:\/\/drage-nf.eu\/wp-content\/uploads\/2024\/02\/disco1-1536x2048.jpg 1536w, http:\/\/drage-nf.eu\/wp-content\/uploads\/2024\/02\/disco1-200x267.jpg 200w\" sizes=\"auto, (max-width: 700px) 100vw, 700px\" \/> <img loading=\"lazy\" decoding=\"async\" class=\"aligncenter wp-image-719\" src=\"http:\/\/drage-nf.eu\/wp-content\/uploads\/2024\/02\/disco2-scaled.jpg\" alt=\"\" width=\"700\" height=\"525\" srcset=\"http:\/\/drage-nf.eu\/wp-content\/uploads\/2024\/02\/disco2-scaled.jpg 2560w, http:\/\/drage-nf.eu\/wp-content\/uploads\/2024\/02\/disco2-300x225.jpg 300w, http:\/\/drage-nf.eu\/wp-content\/uploads\/2024\/02\/disco2-1024x768.jpg 1024w, http:\/\/drage-nf.eu\/wp-content\/uploads\/2024\/02\/disco2-768x576.jpg 768w, http:\/\/drage-nf.eu\/wp-content\/uploads\/2024\/02\/disco2-1536x1152.jpg 1536w, http:\/\/drage-nf.eu\/wp-content\/uploads\/2024\/02\/disco2-2048x1536.jpg 2048w, http:\/\/drage-nf.eu\/wp-content\/uploads\/2024\/02\/disco2-200x150.jpg 200w\" sizes=\"auto, (max-width: 700px) 100vw, 700px\" \/><\/p>\n<hr \/>\n<p>&nbsp;<\/p>\n","protected":false},"excerpt":{"rendered":"<p>Ostern an der Eider in Drage Am Ostermontag ab 10.00 Uhr platzen die Kinder vor Neugier an der Drager Badestelle, weil der Osterhase kleine Geschenke versteckt hatte. Und siehe da, der Osterhase kam pers\u00f6nlich vorbei, und hatte f\u00fcr eine spannende Suche an der Badestelle gesorgt. Alle Kinder hatten die M\u00f6glichkeit sich bei der B\u00fcrgermeisterin oder&#8230; <\/p>\n<div class=\"read-more\"><a href=\"http:\/\/drage-nf.eu\/?page_id=649\">Read More<\/a><\/div>\n","protected":false},"author":1,"featured_media":0,"parent":0,"menu_order":0,"comment_status":"closed","ping_status":"closed","template":"","meta":{"footnotes":""},"class_list":["post-649","page","type-page","status-publish","hentry"],"_links":{"self":[{"href":"http:\/\/drage-nf.eu\/index.php?rest_route=\/wp\/v2\/pages\/649","targetHints":{"allow":["GET"]}}],"collection":[{"href":"http:\/\/drage-nf.eu\/index.php?rest_route=\/wp\/v2\/pages"}],"about":[{"href":"http:\/\/drage-nf.eu\/index.php?rest_route=\/wp\/v2\/types\/page"}],"author":[{"embeddable":true,"href":"http:\/\/drage-nf.eu\/index.php?rest_route=\/wp\/v2\/users\/1"}],"replies":[{"embeddable":true,"href":"http:\/\/drage-nf.eu\/index.php?rest_route=%2Fwp%2Fv2%2Fcomments&post=649"}],"version-history":[{"count":18,"href":"http:\/\/drage-nf.eu\/index.php?rest_route=\/wp\/v2\/pages\/649\/revisions"}],"predecessor-version":[{"id":1338,"href":"http:\/\/drage-nf.eu\/index.php?rest_route=\/wp\/v2\/pages\/649\/revisions\/1338"}],"wp:attachment":[{"href":"http:\/\/drage-nf.eu\/index.php?rest_route=%2Fwp%2Fv2%2Fmedia&parent=649"}],"curies":[{"name":"wp","href":"https:\/\/api.w.org\/{rel}","templated":true}]}}