{"id":676,"date":"2024-02-25T13:24:50","date_gmt":"2024-02-25T12:24:50","guid":{"rendered":"http:\/\/drage-nf.eu\/?page_id=676"},"modified":"2024-09-03T10:15:59","modified_gmt":"2024-09-03T08:15:59","slug":"kinderfest","status":"publish","type":"page","link":"http:\/\/drage-nf.eu\/?page_id=676","title":{"rendered":"Kinderfest"},"content":{"rendered":"<hr \/>\n<p><span style=\"font-family: tahoma, arial, helvetica, sans-serif; font-size: 14pt;\"><strong>Kinderfest 2024<\/strong><\/span><\/p>\n<p><span style=\"font-family: tahoma, arial, helvetica, sans-serif; font-size: 10pt;\">Am 15.06.2024 fand das diesj\u00e4hrige Kinderfest in Drage statt.\u00a0 Der Wettergott war uns diesmal nicht so wohl gesonnen, aber davon lie\u00df sich keiner aus der Ruhe bringen oder den Spa\u00df verderben! <\/span><span style=\"font-family: tahoma, arial, helvetica, sans-serif; font-size: 10pt;\">Kurzerhand wurden Spiele und Kegelbahn nach drinnen verlegt. F\u00fcr die Fahrradringreiter, sowie die Minis und Maxis wurden Pavillons aufgestellt.<br \/>\nDie Fahrradringreiter hatten einen trockenen Unterstand und die Minis und Maxis konnten Ihre Aufgaben auch au\u00dferhalb von Wasser und Matsch erf\u00fcllen.<\/span><\/p>\n<p><span style=\"font-family: tahoma, arial, helvetica, sans-serif; font-size: 10pt;\">Am Ende standen die neuen Majest\u00e4ten und Kapit\u00e4ne und Kapit\u00e4ninnen fest:<\/span><\/p>\n<table class=\" aligncenter\" style=\"background-color: #faf5f5;\">\n<tbody>\n<tr style=\"height: 20px;\">\n<td style=\"border-style: none; height: 10px;\" width=\"121\"><\/td>\n<td style=\"border-style: none; height: 10px;\" width=\"121\"><span style=\"font-family: tahoma, arial, helvetica, sans-serif; font-size: 10pt;\">K\u00f6nig<\/span><\/td>\n<td style=\"border-style: none; height: 10px;\" width=\"121\"><span style=\"font-family: tahoma, arial, helvetica, sans-serif; font-size: 10pt;\">K\u00f6nigin<\/span><\/td>\n<td style=\"border-style: none; height: 10px;\" width=\"121\"><span style=\"font-family: tahoma, arial, helvetica, sans-serif; font-size: 10pt;\">Kapit\u00e4n<\/span><\/td>\n<td style=\"border-style: none; height: 10px;\" width=\"121\"><span style=\"font-family: tahoma, arial, helvetica, sans-serif; font-size: 10pt;\">Kapit\u00e4nin<\/span><\/td>\n<\/tr>\n<tr style=\"height: 20px;\">\n<td style=\"border-style: none; height: 36px;\" width=\"121\"><span style=\"font-family: tahoma, arial, helvetica, sans-serif; font-size: 10pt;\">6-9 Klasse<\/span><\/td>\n<td style=\"border-style: none; height: 36px;\" width=\"121\"><span style=\"font-family: tahoma, arial, helvetica, sans-serif; font-size: 10pt;\">Lenny Schumacher<\/span><\/td>\n<td style=\"border-style: none; height: 36px;\" width=\"121\"><span style=\"font-family: tahoma, arial, helvetica, sans-serif; font-size: 10pt;\">Mia Domeszewiez<\/span><\/td>\n<td style=\"border-style: none; height: 36px;\" width=\"121\"><span style=\"font-family: tahoma, arial, helvetica, sans-serif; font-size: 10pt;\">Ole Struve<\/span><\/td>\n<td style=\"border-style: none; height: 36px;\" width=\"121\"><span style=\"font-family: tahoma, arial, helvetica, sans-serif; font-size: 10pt;\">Gloria Danquah<\/span><\/td>\n<\/tr>\n<tr style=\"height: 20px;\">\n<td style=\"border-style: none; height: 40px;\" width=\"121\"><span style=\"font-family: tahoma, arial, helvetica, sans-serif; font-size: 10pt;\">3-5 Klasse<\/span><\/td>\n<td style=\"border-style: none; height: 40px;\" width=\"121\"><span style=\"font-family: tahoma, arial, helvetica, sans-serif; font-size: 10pt;\">Momme Thiele<\/span><\/td>\n<td style=\"border-style: none; height: 40px;\" width=\"121\"><span style=\"font-family: tahoma, arial, helvetica, sans-serif; font-size: 10pt;\">Elisa Schr\u00f6rs<\/span><\/td>\n<td style=\"border-style: none; height: 40px;\" width=\"121\"><span style=\"font-family: tahoma, arial, helvetica, sans-serif; font-size: 10pt;\">Tjorven Raabe-Brodersen<\/span><\/td>\n<td style=\"border-style: none; height: 40px;\" width=\"121\"><span style=\"font-family: tahoma, arial, helvetica, sans-serif; font-size: 10pt;\">Eva Schleeth<\/span><\/td>\n<\/tr>\n<tr style=\"height: 20px;\">\n<td style=\"border-style: none; height: 35px;\" width=\"121\"><span style=\"font-family: tahoma, arial, helvetica, sans-serif; font-size: 10pt;\">1-2 Klasse<\/span><\/td>\n<td style=\"border-style: none; height: 35px;\" width=\"121\"><span style=\"font-family: tahoma, arial, helvetica, sans-serif; font-size: 10pt;\">Lewe Johannsen<\/span><\/td>\n<td style=\"border-style: none; height: 35px;\" width=\"121\"><span style=\"font-family: tahoma, arial, helvetica, sans-serif; font-size: 10pt;\">Lucia Zink<\/span><\/td>\n<td style=\"border-style: none; height: 35px;\" width=\"121\"><span style=\"font-family: tahoma, arial, helvetica, sans-serif; font-size: 10pt;\">Lijam Boddenberg<\/span><\/td>\n<td style=\"border-style: none; height: 35px;\" width=\"121\"><span style=\"font-family: tahoma, arial, helvetica, sans-serif; font-size: 10pt;\">Talia Boddenberg<\/span><\/td>\n<\/tr>\n<tr style=\"height: 20px;\">\n<td style=\"border-style: none; height: 21px;\" width=\"121\"><span style=\"font-family: tahoma, arial, helvetica, sans-serif; font-size: 10pt;\">Maxis<\/span><\/td>\n<td style=\"border-style: none; height: 21px;\" width=\"121\"><span style=\"font-family: tahoma, arial, helvetica, sans-serif; font-size: 10pt;\">Fiete L\u00f6nne<\/span><\/td>\n<td style=\"border-style: none; height: 21px;\" width=\"121\"><span style=\"font-family: tahoma, arial, helvetica, sans-serif; font-size: 10pt;\">Johanna Kugeler<\/span><\/td>\n<td style=\"border-style: none; height: 21px;\" width=\"121\"><span style=\"font-family: tahoma, arial, helvetica, sans-serif; font-size: 10pt;\">Luca Zink<\/span><\/td>\n<td style=\"border-style: none; height: 21px;\" width=\"121\"><span style=\"font-family: tahoma, arial, helvetica, sans-serif; font-size: 10pt;\">Anne Schleeth<\/span><\/td>\n<\/tr>\n<tr style=\"height: 20px;\">\n<td style=\"border-style: none; height: 10px;\" width=\"121\"><span style=\"font-family: tahoma, arial, helvetica, sans-serif; font-size: 10pt;\">Minis<\/span><\/td>\n<td style=\"border-style: none; height: 10px;\" width=\"121\"><span style=\"font-family: tahoma, arial, helvetica, sans-serif; font-size: 10pt;\">Mikkel Carstens<\/span><\/td>\n<td style=\"border-style: none; height: 10px;\" width=\"121\"><span style=\"font-family: tahoma, arial, helvetica, sans-serif; font-size: 10pt;\">Levke Kropp<\/span><\/td>\n<td style=\"border-style: none; height: 10px;\" width=\"121\"><\/td>\n<td style=\"border-style: none; height: 10px;\" width=\"121\"><span style=\"font-family: tahoma, arial, helvetica, sans-serif; font-size: 10pt;\">Ashley Bunger<\/span><\/td>\n<\/tr>\n<\/tbody>\n<\/table>\n<p><span style=\"font-family: tahoma, arial, helvetica, sans-serif; font-size: 10pt;\">Um 14 Uhr konnte der Umzug durch das Dorf dann doch noch gr\u00f6\u00dftenteils trocken stattfinden. Im Anschluss wurde von den Majest\u00e4ten mit dem K\u00f6nigstanz der Disconachmittag im Dorfgemeinschaftshaus er\u00f6ffnet.<\/span><\/p>\n<p><span style=\"font-family: tahoma, arial, helvetica, sans-serif; font-size: 10pt;\">Bei einem leckeren Grill Buffett mit tollen Getr\u00e4nkevariationen lie\u00df man den Abend gem\u00fctlich ausklingen.<\/span><\/p>\n<p><span style=\"font-family: tahoma, arial, helvetica, sans-serif; font-size: 10pt;\">Wir waren begeistert von der unglaublichen Unterst\u00fctzung und Hilfe, der vielen Eltern, Freiwilligen und Helfern, die wir dieses Jahr erfahren durften und ohne die das Kinderfest nicht h\u00e4tte stattfinden k\u00f6nnen!<\/span><\/p>\n<p><span style=\"font-family: tahoma, arial, helvetica, sans-serif; font-size: 10pt;\">DANKE!<\/span><\/p>\n<p><span style=\"font-family: tahoma, arial, helvetica, sans-serif; font-size: 10pt;\">Wir hoffen und w\u00fcnschen, dass diese Bereitschaft auch weiterhin so bestehen bleibt, damit das Kinderfest auch noch im n\u00e4chsten Jahr und allen folgenden weiterhin stattfinden kann.<\/span><\/p>\n<p><span style=\"font-family: tahoma, arial, helvetica, sans-serif; font-size: 10pt;\">Es wird auch weiterhin noch Unterst\u00fctzung und eine Hauptorganisation f\u00fcr das neu gegr\u00fcndete Orga Team gesucht!<br \/>\n<img loading=\"lazy\" decoding=\"async\" class=\"aligncenter wp-image-886\" src=\"http:\/\/drage-nf.eu\/wp-content\/uploads\/2024\/07\/kinder-24.jpg\" alt=\"\" width=\"700\" height=\"396\" srcset=\"http:\/\/drage-nf.eu\/wp-content\/uploads\/2024\/07\/kinder-24.jpg 1302w, http:\/\/drage-nf.eu\/wp-content\/uploads\/2024\/07\/kinder-24-300x170.jpg 300w, http:\/\/drage-nf.eu\/wp-content\/uploads\/2024\/07\/kinder-24-1024x579.jpg 1024w, http:\/\/drage-nf.eu\/wp-content\/uploads\/2024\/07\/kinder-24-768x434.jpg 768w, http:\/\/drage-nf.eu\/wp-content\/uploads\/2024\/07\/kinder-24-200x113.jpg 200w\" sizes=\"auto, (max-width: 700px) 100vw, 700px\" \/><\/span><\/p>\n<hr \/>\n<p><img loading=\"lazy\" decoding=\"async\" class=\"aligncenter wp-image-677\" src=\"http:\/\/drage-nf.eu\/wp-content\/uploads\/2024\/02\/kinder23-scaled.jpg\" alt=\"\" width=\"700\" height=\"1025\" srcset=\"http:\/\/drage-nf.eu\/wp-content\/uploads\/2024\/02\/kinder23-scaled.jpg 1748w, http:\/\/drage-nf.eu\/wp-content\/uploads\/2024\/02\/kinder23-205x300.jpg 205w, http:\/\/drage-nf.eu\/wp-content\/uploads\/2024\/02\/kinder23-699x1024.jpg 699w, http:\/\/drage-nf.eu\/wp-content\/uploads\/2024\/02\/kinder23-768x1125.jpg 768w, http:\/\/drage-nf.eu\/wp-content\/uploads\/2024\/02\/kinder23-1049x1536.jpg 1049w, http:\/\/drage-nf.eu\/wp-content\/uploads\/2024\/02\/kinder23-1399x2048.jpg 1399w, http:\/\/drage-nf.eu\/wp-content\/uploads\/2024\/02\/kinder23-200x293.jpg 200w\" sizes=\"auto, (max-width: 700px) 100vw, 700px\" \/><\/p>\n<hr \/>\n<p>&nbsp;<\/p>\n","protected":false},"excerpt":{"rendered":"<p>Kinderfest 2024 Am 15.06.2024 fand das diesj\u00e4hrige Kinderfest in Drage statt.\u00a0 Der Wettergott war uns diesmal nicht so wohl gesonnen, aber davon lie\u00df sich keiner aus der Ruhe bringen oder den Spa\u00df verderben! Kurzerhand wurden Spiele und Kegelbahn nach drinnen verlegt. F\u00fcr die Fahrradringreiter, sowie die Minis und Maxis wurden Pavillons aufgestellt. Die Fahrradringreiter hatten&#8230; <\/p>\n<div class=\"read-more\"><a href=\"http:\/\/drage-nf.eu\/?page_id=676\">Read More<\/a><\/div>\n","protected":false},"author":1,"featured_media":0,"parent":0,"menu_order":0,"comment_status":"closed","ping_status":"closed","template":"","meta":{"footnotes":""},"class_list":["post-676","page","type-page","status-publish","hentry"],"_links":{"self":[{"href":"http:\/\/drage-nf.eu\/index.php?rest_route=\/wp\/v2\/pages\/676","targetHints":{"allow":["GET"]}}],"collection":[{"href":"http:\/\/drage-nf.eu\/index.php?rest_route=\/wp\/v2\/pages"}],"about":[{"href":"http:\/\/drage-nf.eu\/index.php?rest_route=\/wp\/v2\/types\/page"}],"author":[{"embeddable":true,"href":"http:\/\/drage-nf.eu\/index.php?rest_route=\/wp\/v2\/users\/1"}],"replies":[{"embeddable":true,"href":"http:\/\/drage-nf.eu\/index.php?rest_route=%2Fwp%2Fv2%2Fcomments&post=676"}],"version-history":[{"count":2,"href":"http:\/\/drage-nf.eu\/index.php?rest_route=\/wp\/v2\/pages\/676\/revisions"}],"predecessor-version":[{"id":926,"href":"http:\/\/drage-nf.eu\/index.php?rest_route=\/wp\/v2\/pages\/676\/revisions\/926"}],"wp:attachment":[{"href":"http:\/\/drage-nf.eu\/index.php?rest_route=%2Fwp%2Fv2%2Fmedia&parent=676"}],"curies":[{"name":"wp","href":"https:\/\/api.w.org\/{rel}","templated":true}]}}